{"id":3,"date":"2018-07-02T16:28:46","date_gmt":"2018-07-02T14:28:46","guid":{"rendered":"http:\/\/www.pelagos.it\/?page_id=3"},"modified":"2023-02-10T19:06:25","modified_gmt":"2023-02-10T18:06:25","slug":"privacy-policy","status":"publish","type":"page","link":"https:\/\/www.pelagos.it\/en\/privacy-policy\/","title":{"rendered":"Privacy Policy"},"content":{"rendered":"<div class=\"wpb-content-wrapper\"><p>[vc_row][vc_column][vc_column_text]<\/p>\n<h2>Chi siamo<\/h2>\n<p>L&#8217;indirizzo del nostro sito web \u00e8: www.pelagos.it.<\/p>\n<p><strong>Politica sulla riservatezza<\/strong><\/p>\n<p>Il sito www.pelagos.it \u00e8 di propriet\u00e0 di Cooperativa Pelagos Via per Portoferraio 2090\/G, 57034 Campo nell\u2019Elba (LI),\u00a0 titolare del trattamento dei Suoi dati personali.<\/p>\n<p>Abbiamo adottato questa politica sulla privacy, la quale determina il trattamento delle informazioni raccolte da www.pelagos.it oltre che i motivi per raccolta di certi dati personali a Lei correlati. Pertanto, deve leggere questa politica sulla riservatezza prima di usare il sito www.pelagos.it<\/p>\n<p>Trattiamo i Suoi dati personali e garantiamo riservatezza e sicurezza degli stessi.<\/p>\n<p><strong>Informazioni personali raccolte:<br \/>\n<\/strong><br \/>\nQuando visita www.pelagos.it, raccogliamo automaticamente certe informazioni sul dispositivo, incluse informazioni su browser web, indirizzo IP, fuso orario e cookie installati sul dispositivo. Inoltre, navigando sul sito, raccogliamo informazioni sulle pagine web o i prodotti visualizzati, siti web o termini di ricerca di riferimento verso il sito e come Lei interagisce con il sito. Indichiamo tali informazioni raccolte automaticamente come \u201cinformazioni sul dispositivo\u201d. Inoltre, potremmo raccogliere dati personali che ci fornisce (inclusi senza limitazione nome, cognome, indirizzo, ecc.) per la richiesta di informazioni.<\/p>\n<p><strong>Perch\u00e9 trattiamo i dati?<\/strong><br \/>\nLa sicurezza dei dati dei clienti \u00e8 una nostra priorit\u00e0, pertanto trattiamo solo i dati degli utenti strettamente necessari per gestire il sito. Le informazioni raccolte automaticamente vengono utilizzate solo per identificare casi potenziali di abuso e stabilire statistiche sull\u2019uso del sito. Queste informazioni statistiche non sono aggregate in modo da identificare un utente specifico del sistema.<br \/>\nLe \u00e8 consentito visitare il sito senza rivelare informazioni, tramite le quali potrebbe essere identificato personalmente. Se, tuttavia, desidera utilizzare alcune delle funzioni del sito, o desidera ricevere newsletter o fornire altri dettagli compilando un modulo, potrebbe doverci fornire dati personali come email, nome, cognome, citt\u00e0 di residenza, organizzazione e numero di telefono. Pu\u00f2 scegliere di non fornire dati personali, tuttavia in tal caso non potr\u00e0 usufruire di alcune funzioni del sito. Per esempio, non potr\u00e0 ricevere la nostra newsletter o contattarci direttamente dal sito. Gli utenti che non sanno quali informazioni sono obbligatorie, possono contattarci a <a href=\"mailto:info@pelagos.it\">info@pelagos.it<\/a><\/p>\n<p><strong>I Suoi diritti:<\/strong><br \/>\nSe \u00e8 residente nell\u2019Unione Europea, dispone dei seguenti diritti sui dati personali:<br \/>\n\u2022 Il diritto di essere informato.<br \/>\n\u2022 Il diritto all\u2019accesso.<br \/>\n\u2022 Il diritto di modifica.<br \/>\n\u2022 Il diritto di eliminazione.<br \/>\n\u2022 Il diritto di limitazione del trattamento.<br \/>\n\u2022 Il diritto di portabilit\u00e0 dei dati.[\/vc_column_text][\/vc_column][\/vc_row]<\/p>\n<\/div>","protected":false},"excerpt":{"rendered":"<p>[vc_row][vc_column][vc_column_text] Chi siamo L&#8217;indirizzo del nostro sito web \u00e8: www.pelagos.it. Politica sulla riservatezza Il sito www.pelagos.it \u00e8 di propriet\u00e0 di Cooperativa Pelagos Via per Portoferraio 2090\/G, 57034 Campo nell\u2019Elba (LI),\u00a0 titolare del trattamento dei Suoi dati personali. Abbiamo adottato questa politica sulla privacy, la quale determina il trattamento delle informazioni raccolte da www.pelagos.it oltre che<\/p>\n","protected":false},"author":1,"featured_media":0,"parent":0,"menu_order":0,"comment_status":"closed","ping_status":"closed","template":"","meta":{"footnotes":""},"class_list":["post-3","page","type-page","status-publish","hentry"],"yoast_head":"<!-- This site is optimized with the Yoast SEO plugin v25.3 - https:\/\/yoast.com\/wordpress\/plugins\/seo\/ -->\n<title>Privacy Policy - Pelagos<\/title>\n<meta name=\"robots\" content=\"index, follow, max-snippet:-1, max-image-preview:large, max-video-preview:-1\" \/>\n<link rel=\"canonical\" href=\"https:\/\/www.pelagos.it\/privacy-policy\/\" \/>\n<meta property=\"og:locale\" content=\"en_US\" \/>\n<meta property=\"og:type\" content=\"article\" \/>\n<meta property=\"og:title\" content=\"Privacy Policy - Pelagos\" \/>\n<meta property=\"og:description\" content=\"[vc_row][vc_column][vc_column_text] Chi siamo L&#8217;indirizzo del nostro sito web \u00e8: www.pelagos.it. Politica sulla riservatezza Il sito www.pelagos.it \u00e8 di propriet\u00e0 di Cooperativa Pelagos Via per Portoferraio 2090\/G, 57034 Campo nell\u2019Elba (LI),\u00a0 titolare del trattamento dei Suoi dati personali. Abbiamo adottato questa politica sulla privacy, la quale determina il trattamento delle informazioni raccolte da www.pelagos.it oltre che\" \/>\n<meta property=\"og:url\" content=\"https:\/\/www.pelagos.it\/privacy-policy\/\" \/>\n<meta property=\"og:site_name\" content=\"Pelagos\" \/>\n<meta property=\"article:modified_time\" content=\"2023-02-10T18:06:25+00:00\" \/>\n<meta name=\"twitter:card\" content=\"summary_large_image\" \/>\n<meta name=\"twitter:label1\" content=\"Est. reading time\" \/>\n\t<meta name=\"twitter:data1\" content=\"2 minutes\" \/>\n<script type=\"application\/ld+json\" class=\"yoast-schema-graph\">{\"@context\":\"https:\/\/schema.org\",\"@graph\":[{\"@type\":\"WebPage\",\"@id\":\"https:\/\/www.pelagos.it\/privacy-policy\/\",\"url\":\"https:\/\/www.pelagos.it\/privacy-policy\/\",\"name\":\"Privacy Policy - Pelagos\",\"isPartOf\":{\"@id\":\"https:\/\/www.pelagos.it\/#website\"},\"datePublished\":\"2018-07-02T14:28:46+00:00\",\"dateModified\":\"2023-02-10T18:06:25+00:00\",\"breadcrumb\":{\"@id\":\"https:\/\/www.pelagos.it\/privacy-policy\/#breadcrumb\"},\"inLanguage\":\"en-US\",\"potentialAction\":[{\"@type\":\"ReadAction\",\"target\":[\"https:\/\/www.pelagos.it\/privacy-policy\/\"]}]},{\"@type\":\"BreadcrumbList\",\"@id\":\"https:\/\/www.pelagos.it\/privacy-policy\/#breadcrumb\",\"itemListElement\":[{\"@type\":\"ListItem\",\"position\":1,\"name\":\"Home\",\"item\":\"https:\/\/www.pelagos.it\/\"},{\"@type\":\"ListItem\",\"position\":2,\"name\":\"Privacy Policy\"}]},{\"@type\":\"WebSite\",\"@id\":\"https:\/\/www.pelagos.it\/#website\",\"url\":\"https:\/\/www.pelagos.it\/\",\"name\":\"Pelagos\",\"description\":\"\",\"potentialAction\":[{\"@type\":\"SearchAction\",\"target\":{\"@type\":\"EntryPoint\",\"urlTemplate\":\"https:\/\/www.pelagos.it\/?s={search_term_string}\"},\"query-input\":{\"@type\":\"PropertyValueSpecification\",\"valueRequired\":true,\"valueName\":\"search_term_string\"}}],\"inLanguage\":\"en-US\"}]}<\/script>\n<!-- \/ Yoast SEO plugin. -->","yoast_head_json":{"title":"Privacy Policy - Pelagos","robots":{"index":"index","follow":"follow","max-snippet":"max-snippet:-1","max-image-preview":"max-image-preview:large","max-video-preview":"max-video-preview:-1"},"canonical":"https:\/\/www.pelagos.it\/privacy-policy\/","og_locale":"en_US","og_type":"article","og_title":"Privacy Policy - Pelagos","og_description":"[vc_row][vc_column][vc_column_text] Chi siamo L&#8217;indirizzo del nostro sito web \u00e8: www.pelagos.it. Politica sulla riservatezza Il sito www.pelagos.it \u00e8 di propriet\u00e0 di Cooperativa Pelagos Via per Portoferraio 2090\/G, 57034 Campo nell\u2019Elba (LI),\u00a0 titolare del trattamento dei Suoi dati personali. Abbiamo adottato questa politica sulla privacy, la quale determina il trattamento delle informazioni raccolte da www.pelagos.it oltre che","og_url":"https:\/\/www.pelagos.it\/privacy-policy\/","og_site_name":"Pelagos","article_modified_time":"2023-02-10T18:06:25+00:00","twitter_card":"summary_large_image","twitter_misc":{"Est. reading time":"2 minutes"},"schema":{"@context":"https:\/\/schema.org","@graph":[{"@type":"WebPage","@id":"https:\/\/www.pelagos.it\/privacy-policy\/","url":"https:\/\/www.pelagos.it\/privacy-policy\/","name":"Privacy Policy - Pelagos","isPartOf":{"@id":"https:\/\/www.pelagos.it\/#website"},"datePublished":"2018-07-02T14:28:46+00:00","dateModified":"2023-02-10T18:06:25+00:00","breadcrumb":{"@id":"https:\/\/www.pelagos.it\/privacy-policy\/#breadcrumb"},"inLanguage":"en-US","potentialAction":[{"@type":"ReadAction","target":["https:\/\/www.pelagos.it\/privacy-policy\/"]}]},{"@type":"BreadcrumbList","@id":"https:\/\/www.pelagos.it\/privacy-policy\/#breadcrumb","itemListElement":[{"@type":"ListItem","position":1,"name":"Home","item":"https:\/\/www.pelagos.it\/"},{"@type":"ListItem","position":2,"name":"Privacy Policy"}]},{"@type":"WebSite","@id":"https:\/\/www.pelagos.it\/#website","url":"https:\/\/www.pelagos.it\/","name":"Pelagos","description":"","potentialAction":[{"@type":"SearchAction","target":{"@type":"EntryPoint","urlTemplate":"https:\/\/www.pelagos.it\/?s={search_term_string}"},"query-input":{"@type":"PropertyValueSpecification","valueRequired":true,"valueName":"search_term_string"}}],"inLanguage":"en-US"}]}},"_links":{"self":[{"href":"https:\/\/www.pelagos.it\/en\/wp-json\/wp\/v2\/pages\/3"}],"collection":[{"href":"https:\/\/www.pelagos.it\/en\/wp-json\/wp\/v2\/pages"}],"about":[{"href":"https:\/\/www.pelagos.it\/en\/wp-json\/wp\/v2\/types\/page"}],"author":[{"embeddable":true,"href":"https:\/\/www.pelagos.it\/en\/wp-json\/wp\/v2\/users\/1"}],"replies":[{"embeddable":true,"href":"https:\/\/www.pelagos.it\/en\/wp-json\/wp\/v2\/comments?post=3"}],"version-history":[{"count":3,"href":"https:\/\/www.pelagos.it\/en\/wp-json\/wp\/v2\/pages\/3\/revisions"}],"predecessor-version":[{"id":2402,"href":"https:\/\/www.pelagos.it\/en\/wp-json\/wp\/v2\/pages\/3\/revisions\/2402"}],"wp:attachment":[{"href":"https:\/\/www.pelagos.it\/en\/wp-json\/wp\/v2\/media?parent=3"}],"curies":[{"name":"wp","href":"https:\/\/api.w.org\/{rel}","templated":true}]}}